{"id":1617,"date":"2016-12-01T11:17:24","date_gmt":"2016-12-01T10:17:24","guid":{"rendered":"https:\/\/www.ic-tp.com\/karriere\/"},"modified":"2021-07-06T16:13:14","modified_gmt":"2021-07-06T14:13:14","slug":"career","status":"publish","type":"page","link":"https:\/\/www.ic-tp.com\/en\/career\/","title":{"rendered":"Career"},"content":{"rendered":"<div class=\"fusion-fullwidth fullwidth-box fusion-builder-row-1 nonhundred-percent-fullwidth non-hundred-percent-height-scrolling fusion-equal-height-columns\" style=\"--awb-background-position:left top;--awb-border-sizes-top:0px;--awb-border-sizes-bottom:0px;--awb-border-sizes-left:0px;--awb-border-sizes-right:0px;--awb-border-radius-top-left:0px;--awb-border-radius-top-right:0px;--awb-border-radius-bottom-right:0px;--awb-border-radius-bottom-left:0px;--awb-padding-top:30px;--awb-padding-right:30px;--awb-padding-left:30px;--awb-background-color:#ffffff;--awb-flex-wrap:wrap;\" ><div class=\"fusion-builder-row fusion-row\"><div class=\"fusion-layout-column fusion_builder_column fusion-builder-column-0 fusion_builder_column_1_2 1_2 fusion-one-half fusion-column-first fusion-column-no-min-height\" style=\"--awb-bg-size:cover;--awb-margin-top:20px;width:48%; margin-right: 4%;\"><div class=\"fusion-column-wrapper fusion-column-has-shadow fusion-flex-column-wrapper-legacy\"><div class=\"fusion-text fusion-text-1\"><p>IC Transaction Partners is an independent consulting company for the implementation of corporate transactions. Our competency as M&amp;A experts is the organization and implementation of structured buying and selling processes. We have comprehensive knowledge based upon a broad variety of successful company transactions. Acting as strategic sparring partners, we support national and international buyers as well as selling-oriented entrepreneurs and shareholders throughout the M&amp;A process.<\/p>\n<\/div><div class=\"fusion-clearfix\"><\/div><\/div><\/div><div class=\"fusion-layout-column fusion_builder_column fusion-builder-column-1 fusion_builder_column_1_2 1_2 fusion-one-half fusion-column-last fusion-column-no-min-height\" style=\"--awb-bg-size:cover;--awb-margin-top:20px;width:48%;\"><div class=\"fusion-column-wrapper fusion-column-has-shadow fusion-flex-column-wrapper-legacy\"><div class=\"fusion-text fusion-text-2\"><p>Our company, a well-established M&amp;A boutique (classic and distressed) with a history of more than 90 projects since 2010, offers an attractive working environment with challenging issues and a motivated team of experts.<\/p>\n<\/div><div class=\"fusion-clearfix\"><\/div><\/div><\/div><div class=\"fusion-layout-column fusion_builder_column fusion-builder-column-2 fusion_builder_column_1_2 1_2 fusion-one-half fusion-column-first\" style=\"--awb-bg-size:cover;--awb-margin-top:20px;width:48%; margin-right: 4%;\"><div class=\"fusion-column-wrapper fusion-flex-column-wrapper-legacy\"><div class=\"fusion-reading-box-container reading-box-container-1\" style=\"--awb-title-color:#003270;--awb-margin-top:10px;--awb-margin-bottom:30px;\"><div class=\"reading-box\" style=\"background-color:#efefef;border-width:1px;border-color:#2c9999;border-left-width:3px;border-left-color:var(--primary_color);border-style:solid;\"><h2>Junior Consultant (f\/m\/d)<\/h2><div class=\"reading-box-additional fusion-reading-box-additional\">\n<p><strong>Your tasks<\/strong><\/p>\n<ul>\n<li>Analysis of markets and industries<\/li>\n<li>Research and analysis of companies<\/li>\n<li>Assisting with preparation of company profiles and information memoranda<\/li>\n<li>Identification and addressing of potential investors<\/li>\n<li>Support with preparation as well as implementation of due diligence appointments<\/li>\n<\/ul>\n<p><strong>Your profile <\/strong><\/p>\n<ul>\n<li>Degree in Business Administration or similar<\/li>\n<li>Preferred major field of study: Controlling, Accounting, Finance, Banking<\/li>\n<li>Ideally first practical experiences in M&amp;A \/ Corporate Finance \/ Auditing \/ tax counseling<\/li>\n<li>Enjoying challenging and multi-facetted teamwork<\/li>\n<li>Structured and analytical mindset as well as strong personal initiative<\/li>\n<li>Open-mindedness and strong communication skills<\/li>\n<li>Very good knowledge in English and Microsoft Office<\/li>\n<\/ul>\n<p><strong>What we offer<\/strong><\/p>\n<ul>\n<li>Acknowledged expertise in the field of Distressed-M&amp;A<\/li>\n<li>Efficient integration in ongoing projects in an attractive field of activity<\/li>\n<li>Independent processing of tasks after a short training period<\/li>\n<li>Quick and sustainable knowledge development in different areas<\/li>\n<li>Above average development opportunities<\/li>\n<li>Customary compensation<\/li>\n<\/ul>\n<p>If you are interested, we are pleased to receive your complete application documents providing your earliest possible entry date ideally via email: <a href=\"mailto:recruiting@ic-tp.com\">recruiting@ic-tp.com<\/a><\/p>\n<\/div><div class=\"fusion-clearfix\"><\/div><\/div><svg style=\"opacity:0.50;\" xmlns=\"http:\/\/www.w3.org\/2000\/svg\" version=\"1.1\" width=\"100%\" viewBox=\"0 0 600 28\" preserveAspectRatio=\"none\"><g clip-path=\"url(#a)\"><mask id=\"b\" style=\"mask-type:luminance\" maskUnits=\"userSpaceOnUse\" x=\"0\" y=\"0\" width=\"600\" height=\"28\"><path d=\"M0 0h600v28H0V0Z\" fill=\"#fff\"\/><\/mask><g filter=\"url(#c)\" mask=\"url(#b)\"><path d=\"M16.439-18.667h567.123v30.8S438.961-8.4 300-8.4C161.04-8.4 16.438 12.133 16.438 12.133v-30.8Z\" fill=\"#000\"\/><\/g><\/g><defs><clipPath id=\"a\"><path fill=\"#fff\" d=\"M0 0h600v28H0z\"\/><\/clipPath><filter id=\"c\" x=\"5.438\" y=\"-29.667\" width=\"589.123\" height=\"52.8\" filterUnits=\"userSpaceOnUse\" color-interpolation-filters=\"sRGB\"><feFlood flood-opacity=\"0\" result=\"BackgroundImageFix\"\/><feBlend in=\"SourceGraphic\" in2=\"BackgroundImageFix\" result=\"shape\"\/><feGaussianBlur stdDeviation=\"5.5\" result=\"effect1_foregroundBlur_3983_183\"\/><\/filter><\/defs><\/svg><\/div><div class=\"fusion-clearfix\"><\/div><\/div><\/div><div class=\"fusion-layout-column fusion_builder_column fusion-builder-column-3 fusion_builder_column_1_2 1_2 fusion-one-half fusion-column-last\" style=\"--awb-bg-size:cover;--awb-margin-top:20px;width:48%;\"><div class=\"fusion-column-wrapper fusion-flex-column-wrapper-legacy\"><div class=\"fusion-reading-box-container reading-box-container-2\" style=\"--awb-title-color:#003270;--awb-margin-top:10px;--awb-margin-bottom:30px;\"><div class=\"reading-box\" style=\"background-color:#efefef;border-width:1px;border-color:#2c9999;border-left-width:3px;border-left-color:var(--primary_color);border-style:solid;\"><h2>Senior-Consultant\/Project manager (f\/m\/d)<\/h2><div class=\"reading-box-additional fusion-reading-box-additional\">\n<p><strong>Your tasks<\/strong><\/p>\n<ul>\n<li>Management of distressed M&amp;A-projects and teams<\/li>\n<li>Organization and implementation of investor processes<\/li>\n<li>Assessment of corporate planning and restructuring concepts<\/li>\n<li>Negotiations with potential buyers<\/li>\n<li>Development of business relations to multipliers and project acquisition<\/li>\n<li>Management and training of consultants and working students<\/li>\n<\/ul>\n<p><strong>Your profile<\/strong><\/p>\n<ul>\n<li>Degree in Business Administration or similar with an above average graduation<\/li>\n<li>At least 5 years of professional experience in the fields of M&amp;A \/ Corporate Finance \/ Auditing \/ tax consulting<\/li>\n<li>Experience as project manager<\/li>\n<li>Relevant network of contacts (insolvency administrators\/ banks \/ restructuring advisors \/ tax advisors)<\/li>\n<li>Profound knowledge of business models, market analysis and corporate figures<\/li>\n<li>Combination of entrepreneurial spirit, analytical and structured working method as well as \u201chands-on mentality\u201d<\/li>\n<li>Social skills and leadership experience<\/li>\n<li>Very good English skills, preferably another language<\/li>\n<li>Knowledge of German insolvency law is an advantage<\/li>\n<\/ul>\n<p><strong>What we offer<\/strong><\/p>\n<ul>\n<li>Acknowledged expertise in the field of Distressed-M&amp;A<\/li>\n<li>Independent and complex field of activity<\/li>\n<li>Working in a small, powerful team (flat hierarchies)<\/li>\n<li>Above average development possibilities (partnership)<\/li>\n<li>Customary compensation<\/li>\n<\/ul>\n<p>If you are interested we are pleased to receive your complete application documents providing your earliest possible entry date ideally via email: <a href=\"mailto:recruiting@ic-tp.com\">recruiting@ic-tp.com<\/a><\/p>\n<\/div><div class=\"fusion-clearfix\"><\/div><\/div><svg style=\"opacity:0.50;\" xmlns=\"http:\/\/www.w3.org\/2000\/svg\" version=\"1.1\" width=\"100%\" viewBox=\"0 0 600 28\" preserveAspectRatio=\"none\"><g clip-path=\"url(#a)\"><mask id=\"b\" style=\"mask-type:luminance\" maskUnits=\"userSpaceOnUse\" x=\"0\" y=\"0\" width=\"600\" height=\"28\"><path d=\"M0 0h600v28H0V0Z\" fill=\"#fff\"\/><\/mask><g filter=\"url(#c)\" mask=\"url(#b)\"><path d=\"M16.439-18.667h567.123v30.8S438.961-8.4 300-8.4C161.04-8.4 16.438 12.133 16.438 12.133v-30.8Z\" fill=\"#000\"\/><\/g><\/g><defs><clipPath id=\"a\"><path fill=\"#fff\" d=\"M0 0h600v28H0z\"\/><\/clipPath><filter id=\"c\" x=\"5.438\" y=\"-29.667\" width=\"589.123\" height=\"52.8\" filterUnits=\"userSpaceOnUse\" color-interpolation-filters=\"sRGB\"><feFlood flood-opacity=\"0\" result=\"BackgroundImageFix\"\/><feBlend in=\"SourceGraphic\" in2=\"BackgroundImageFix\" result=\"shape\"\/><feGaussianBlur stdDeviation=\"5.5\" result=\"effect1_foregroundBlur_3983_183\"\/><\/filter><\/defs><\/svg><\/div><div class=\"fusion-clearfix\"><\/div><\/div><\/div><\/div><\/div>\n","protected":false},"excerpt":{"rendered":"","protected":false},"author":2,"featured_media":0,"parent":0,"menu_order":0,"comment_status":"closed","ping_status":"closed","template":"100-width.php","meta":{"footnotes":""},"class_list":["post-1617","page","type-page","status-publish","hentry"],"yoast_head":"<!-- This site is optimized with the Yoast SEO plugin v27.4 - https:\/\/yoast.com\/product\/yoast-seo-wordpress\/ -->\n<title>IC Transaction Partners in M\u00fcnchen | Karriere im Mergers &amp; Acquisitions<\/title>\n<meta name=\"description\" content=\"Als unabh\u00e4ngiges Beratungsunternehmen und einer der f\u00fchrenden Distressed M&amp;A-Anbieter in Deutschland bietet InsoConsult ein attraktives Arbeitsumfeld.\" \/>\n<meta name=\"robots\" content=\"index, follow, max-snippet:-1, max-image-preview:large, max-video-preview:-1\" \/>\n<link rel=\"canonical\" href=\"https:\/\/www.ic-tp.com\/en\/career\/\" \/>\n<meta property=\"og:locale\" content=\"en_US\" \/>\n<meta property=\"og:type\" content=\"article\" \/>\n<meta property=\"og:title\" content=\"IC Transaction Partners in M\u00fcnchen | Karriere im Mergers &amp; Acquisitions\" \/>\n<meta property=\"og:description\" content=\"Als unabh\u00e4ngiges Beratungsunternehmen und einer der f\u00fchrenden Distressed M&amp;A-Anbieter in Deutschland bietet InsoConsult ein attraktives Arbeitsumfeld.\" \/>\n<meta property=\"og:url\" content=\"https:\/\/www.ic-tp.com\/en\/career\/\" \/>\n<meta property=\"og:site_name\" content=\"IC Transaction Partners\" \/>\n<meta property=\"article:modified_time\" content=\"2021-07-06T14:13:14+00:00\" \/>\n<meta name=\"twitter:card\" content=\"summary_large_image\" \/>\n<meta name=\"twitter:label1\" content=\"Est. reading time\" \/>\n\t<meta name=\"twitter:data1\" content=\"7 minutes\" \/>\n<script type=\"application\/ld+json\" class=\"yoast-schema-graph\">{\"@context\":\"https:\\\/\\\/schema.org\",\"@graph\":[{\"@type\":\"WebPage\",\"@id\":\"https:\\\/\\\/www.ic-tp.com\\\/en\\\/career\\\/\",\"url\":\"https:\\\/\\\/www.ic-tp.com\\\/en\\\/career\\\/\",\"name\":\"IC Transaction Partners in M\u00fcnchen | Karriere im Mergers & Acquisitions\",\"isPartOf\":{\"@id\":\"https:\\\/\\\/www.ic-tp.com\\\/#website\"},\"datePublished\":\"2016-12-01T10:17:24+00:00\",\"dateModified\":\"2021-07-06T14:13:14+00:00\",\"description\":\"Als unabh\u00e4ngiges Beratungsunternehmen und einer der f\u00fchrenden Distressed M&A-Anbieter in Deutschland bietet InsoConsult ein attraktives Arbeitsumfeld.\",\"breadcrumb\":{\"@id\":\"https:\\\/\\\/www.ic-tp.com\\\/en\\\/career\\\/#breadcrumb\"},\"inLanguage\":\"en-US\",\"potentialAction\":[{\"@type\":\"ReadAction\",\"target\":[\"https:\\\/\\\/www.ic-tp.com\\\/en\\\/career\\\/\"]}]},{\"@type\":\"BreadcrumbList\",\"@id\":\"https:\\\/\\\/www.ic-tp.com\\\/en\\\/career\\\/#breadcrumb\",\"itemListElement\":[{\"@type\":\"ListItem\",\"position\":1,\"name\":\"Startseite\",\"item\":\"https:\\\/\\\/www.ic-tp.com\\\/en\\\/\"},{\"@type\":\"ListItem\",\"position\":2,\"name\":\"Career\"}]},{\"@type\":\"WebSite\",\"@id\":\"https:\\\/\\\/www.ic-tp.com\\\/#website\",\"url\":\"https:\\\/\\\/www.ic-tp.com\\\/\",\"name\":\"IC Transaction Partners\",\"description\":\"Die Experten f\u00fcr M&amp;A\",\"potentialAction\":[{\"@type\":\"SearchAction\",\"target\":{\"@type\":\"EntryPoint\",\"urlTemplate\":\"https:\\\/\\\/www.ic-tp.com\\\/?s={search_term_string}\"},\"query-input\":{\"@type\":\"PropertyValueSpecification\",\"valueRequired\":true,\"valueName\":\"search_term_string\"}}],\"inLanguage\":\"en-US\"}]}<\/script>\n<!-- \/ Yoast SEO plugin. -->","yoast_head_json":{"title":"IC Transaction Partners in M\u00fcnchen | Karriere im Mergers & Acquisitions","description":"Als unabh\u00e4ngiges Beratungsunternehmen und einer der f\u00fchrenden Distressed M&A-Anbieter in Deutschland bietet InsoConsult ein attraktives Arbeitsumfeld.","robots":{"index":"index","follow":"follow","max-snippet":"max-snippet:-1","max-image-preview":"max-image-preview:large","max-video-preview":"max-video-preview:-1"},"canonical":"https:\/\/www.ic-tp.com\/en\/career\/","og_locale":"en_US","og_type":"article","og_title":"IC Transaction Partners in M\u00fcnchen | Karriere im Mergers & Acquisitions","og_description":"Als unabh\u00e4ngiges Beratungsunternehmen und einer der f\u00fchrenden Distressed M&A-Anbieter in Deutschland bietet InsoConsult ein attraktives Arbeitsumfeld.","og_url":"https:\/\/www.ic-tp.com\/en\/career\/","og_site_name":"IC Transaction Partners","article_modified_time":"2021-07-06T14:13:14+00:00","twitter_card":"summary_large_image","twitter_misc":{"Est. reading time":"7 minutes"},"schema":{"@context":"https:\/\/schema.org","@graph":[{"@type":"WebPage","@id":"https:\/\/www.ic-tp.com\/en\/career\/","url":"https:\/\/www.ic-tp.com\/en\/career\/","name":"IC Transaction Partners in M\u00fcnchen | Karriere im Mergers & Acquisitions","isPartOf":{"@id":"https:\/\/www.ic-tp.com\/#website"},"datePublished":"2016-12-01T10:17:24+00:00","dateModified":"2021-07-06T14:13:14+00:00","description":"Als unabh\u00e4ngiges Beratungsunternehmen und einer der f\u00fchrenden Distressed M&A-Anbieter in Deutschland bietet InsoConsult ein attraktives Arbeitsumfeld.","breadcrumb":{"@id":"https:\/\/www.ic-tp.com\/en\/career\/#breadcrumb"},"inLanguage":"en-US","potentialAction":[{"@type":"ReadAction","target":["https:\/\/www.ic-tp.com\/en\/career\/"]}]},{"@type":"BreadcrumbList","@id":"https:\/\/www.ic-tp.com\/en\/career\/#breadcrumb","itemListElement":[{"@type":"ListItem","position":1,"name":"Startseite","item":"https:\/\/www.ic-tp.com\/en\/"},{"@type":"ListItem","position":2,"name":"Career"}]},{"@type":"WebSite","@id":"https:\/\/www.ic-tp.com\/#website","url":"https:\/\/www.ic-tp.com\/","name":"IC Transaction Partners","description":"Die Experten f\u00fcr M&amp;A","potentialAction":[{"@type":"SearchAction","target":{"@type":"EntryPoint","urlTemplate":"https:\/\/www.ic-tp.com\/?s={search_term_string}"},"query-input":{"@type":"PropertyValueSpecification","valueRequired":true,"valueName":"search_term_string"}}],"inLanguage":"en-US"}]}},"_links":{"self":[{"href":"https:\/\/www.ic-tp.com\/en\/wp-json\/wp\/v2\/pages\/1617","targetHints":{"allow":["GET"]}}],"collection":[{"href":"https:\/\/www.ic-tp.com\/en\/wp-json\/wp\/v2\/pages"}],"about":[{"href":"https:\/\/www.ic-tp.com\/en\/wp-json\/wp\/v2\/types\/page"}],"author":[{"embeddable":true,"href":"https:\/\/www.ic-tp.com\/en\/wp-json\/wp\/v2\/users\/2"}],"replies":[{"embeddable":true,"href":"https:\/\/www.ic-tp.com\/en\/wp-json\/wp\/v2\/comments?post=1617"}],"version-history":[{"count":19,"href":"https:\/\/www.ic-tp.com\/en\/wp-json\/wp\/v2\/pages\/1617\/revisions"}],"predecessor-version":[{"id":1897,"href":"https:\/\/www.ic-tp.com\/en\/wp-json\/wp\/v2\/pages\/1617\/revisions\/1897"}],"wp:attachment":[{"href":"https:\/\/www.ic-tp.com\/en\/wp-json\/wp\/v2\/media?parent=1617"}],"curies":[{"name":"wp","href":"https:\/\/api.w.org\/{rel}","templated":true}]}}