{"id":1629,"date":"2016-08-09T15:38:11","date_gmt":"2016-08-09T13:38:11","guid":{"rendered":"https:\/\/www.ic-tp.com\/unternehmen\/"},"modified":"2021-07-06T16:12:21","modified_gmt":"2021-07-06T14:12:21","slug":"company","status":"publish","type":"page","link":"https:\/\/www.ic-tp.com\/en\/company\/","title":{"rendered":"Company"},"content":{"rendered":"<p><div class=\"fusion-fullwidth fullwidth-box fusion-builder-row-1 nonhundred-percent-fullwidth non-hundred-percent-height-scrolling\" style=\"--awb-background-position:left top;--awb-border-sizes-top:0px;--awb-border-sizes-bottom:0px;--awb-border-sizes-left:0px;--awb-border-sizes-right:0px;--awb-border-radius-top-left:0px;--awb-border-radius-top-right:0px;--awb-border-radius-bottom-right:0px;--awb-border-radius-bottom-left:0px;--awb-padding-top:30px;--awb-padding-right:30px;--awb-padding-left:30px;--awb-background-color:#ffffff;--awb-flex-wrap:wrap;\" ><div class=\"fusion-builder-row fusion-row\"><div class=\"fusion-layout-column fusion_builder_column fusion-builder-column-0 fusion_builder_column_1_2 1_2 fusion-one-half fusion-column-first\" style=\"--awb-bg-size:cover;--awb-margin-top:20px;width:48%; margin-right: 4%;\"><div class=\"fusion-column-wrapper fusion-flex-column-wrapper-legacy\"><div class=\"fusion-title title fusion-title-1 fusion-sep-none fusion-title-text fusion-title-size-one\" style=\"--awb-margin-top-small:10px;--awb-margin-right-small:0px;--awb-margin-bottom-small:10px;--awb-margin-left-small:0px;\"><h1 class=\"fusion-title-heading title-heading-left fusion-responsive-typography-calculated\" style=\"margin:0;--fontSize:30;line-height:1.5;\">About us<\/h1><\/div><div class=\"fusion-text fusion-text-1\"><p>We have comprehensive knowledge based upon a broad variety of successful company transactions. Acting as strategic sparring partners, we support national and international buyers as well as selling-oriented entrepreneurs and shareholders throughout the M&amp;A process.<\/p>\n<p>An international network of strategic investors, venture capital firms, private equity and industry experts ensures optimal goal-oriented support throughout the transaction process for our clients.<\/p>\n<p><strong>IC Transaction Partners<\/strong> is known for all kinds of professional and strategically well-defined M&amp;A \/ transaction processes. Furthermore, we have in-deph expertise in Distressed M&amp;A and are looking back on a long and successful track record (for more information please visit <a href=\"http:\/\/www.insoconsult.de\/en\"><strong>www.insoconsult.de<\/strong><\/a>).<\/p>\n<\/div><div class=\"fusion-clearfix\"><\/div><\/div><\/div><div class=\"fusion-layout-column fusion_builder_column fusion-builder-column-1 fusion_builder_column_1_2 1_2 fusion-one-half fusion-column-last\" style=\"--awb-bg-size:cover;--awb-margin-top:20px;width:48%;\"><div class=\"fusion-column-wrapper fusion-flex-column-wrapper-legacy\"><div class=\"fusion-image-element in-legacy-container\" style=\"--awb-caption-title-font-family:var(--h2_typography-font-family);--awb-caption-title-font-weight:var(--h2_typography-font-weight);--awb-caption-title-font-style:var(--h2_typography-font-style);--awb-caption-title-size:var(--h2_typography-font-size);--awb-caption-title-transform:var(--h2_typography-text-transform);--awb-caption-title-line-height:var(--h2_typography-line-height);--awb-caption-title-letter-spacing:var(--h2_typography-letter-spacing);\"><span class=\" fusion-imageframe imageframe-none imageframe-1 hover-type-none\"><img decoding=\"async\" src=\"https:\/\/www.insoconsult.de\/wp-content\/uploads\/2017\/02\/insoconsult_team.jpg\" alt class=\"img-responsive\"\/><\/span><\/div><div class=\"fusion-sep-clear\"><\/div><div class=\"fusion-separator fusion-full-width-sep\" style=\"margin-left: auto;margin-right: auto;margin-bottom:30px;width:100%;\"><\/div><div class=\"fusion-sep-clear\"><\/div><div class=\"fusion-clearfix\"><\/div><\/div><\/div><\/div><\/div><div class=\"fusion-fullwidth fullwidth-box fusion-builder-row-2 nonhundred-percent-fullwidth non-hundred-percent-height-scrolling\" style=\"--awb-background-position:left top;--awb-border-sizes-top:0px;--awb-border-sizes-bottom:0px;--awb-border-sizes-left:0px;--awb-border-sizes-right:0px;--awb-border-radius-top-left:0px;--awb-border-radius-top-right:0px;--awb-border-radius-bottom-right:0px;--awb-border-radius-bottom-left:0px;--awb-padding-top:30px;--awb-padding-right:30px;--awb-padding-bottom:50px;--awb-padding-left:30px;--awb-background-color:#0073cf;--awb-flex-wrap:wrap;\" ><div class=\"fusion-builder-row fusion-row\"><div class=\"fusion-layout-column fusion_builder_column fusion-builder-column-2 fusion_builder_column_1_2 1_2 fusion-one-half fusion-column-first\" style=\"--awb-bg-size:cover;--awb-margin-top:20px;width:48%; margin-right: 4%;\"><div class=\"fusion-column-wrapper fusion-flex-column-wrapper-legacy\"><div class=\"fusion-text fusion-text-2\"><p><strong><span style=\"color: #ffffff;\">Our process methodology at a glance<\/span> <\/strong><\/p>\n<p><span style=\"color: #ffffff;\">As a professional and marketing-oriented partner for entrepreneurs, the sustainability of transactions and the best cost-benefit ratio are our highest priority. The reciprocal combination and addition of strategic and operational strengths of both transaction partners, buyer and seller, is therefore crucial.<\/span><\/p>\n<p><span style=\"color: #ffffff;\">Over 90 successful transactions since 2010 are living proof of our high quality work standards. All projects are led by a managing partner and complemented by industry experts and restructuring professionals of our network. This principle ensures a goal-oriented process implementation for our clients. Our remuneration is based on benefits and the success we achieved.<\/span><\/p>\n<p><span style=\"color: #ffffff;\">For Distressed M&amp;A references, we recommend looking at the services section of our mother company <a style=\"color: #fcfcfc;\" href=\"https:\/\/www.insoconsult.de\/en\/references\/\"><b>InsoConsult<\/b><\/a>.<\/span><\/p>\n<\/div><div class=\"fusion-clearfix\"><\/div><\/div><\/div><div class=\"fusion-layout-column fusion_builder_column fusion-builder-column-3 fusion_builder_column_1_2 1_2 fusion-one-half fusion-column-last\" style=\"--awb-bg-size:cover;--awb-margin-top:20px;width:48%;\"><div class=\"fusion-column-wrapper fusion-flex-column-wrapper-legacy\"><div class=\"fusion-image-element fusion-image-align-center in-legacy-container\" style=\"text-align:center;--awb-bottom-shadow-color:rgba(0,0,0,0.4);--awb-caption-title-font-family:var(--h2_typography-font-family);--awb-caption-title-font-weight:var(--h2_typography-font-weight);--awb-caption-title-font-style:var(--h2_typography-font-style);--awb-caption-title-size:var(--h2_typography-font-size);--awb-caption-title-transform:var(--h2_typography-text-transform);--awb-caption-title-line-height:var(--h2_typography-line-height);--awb-caption-title-letter-spacing:var(--h2_typography-letter-spacing);\"><div class=\"imageframe-align-center\"><div class=\"awb-image-frame awb-image-frame-2 awb-bottomshadow\"><span class=\" fusion-imageframe imageframe-bottomshadow imageframe-2 hover-type-none\"><a href=\"https:\/\/www.ic-tp.com\/wp-content\/uploads\/2021\/06\/MuA-Process.jpg\" class=\"fusion-lightbox\" data-rel=\"iLightbox[9499cb2bad7a8e61ae3]\" data-title=\"MuA Process\" title=\"MuA Process\"><img decoding=\"async\" width=\"1123\" height=\"794\" src=\"https:\/\/www.ic-tp.com\/wp-content\/uploads\/2021\/06\/MuA-Process.jpg\" alt class=\"img-responsive wp-image-1891\" srcset=\"https:\/\/www.ic-tp.com\/wp-content\/uploads\/2021\/06\/MuA-Process-200x141.jpg 200w, https:\/\/www.ic-tp.com\/wp-content\/uploads\/2021\/06\/MuA-Process-400x283.jpg 400w, https:\/\/www.ic-tp.com\/wp-content\/uploads\/2021\/06\/MuA-Process-600x424.jpg 600w, https:\/\/www.ic-tp.com\/wp-content\/uploads\/2021\/06\/MuA-Process-800x566.jpg 800w, https:\/\/www.ic-tp.com\/wp-content\/uploads\/2021\/06\/MuA-Process.jpg 1123w\" sizes=\"(max-width: 800px) 100vw, 600px\" \/><\/a><\/span><svg xmlns=\"http:\/\/www.w3.org\/2000\/svg\" version=\"1.1\" width=\"100%\" viewBox=\"0 0 600 28\" preserveAspectRatio=\"none\"><g clip-path=\"url(#a)\"><mask id=\"b\" style=\"mask-type:luminance\" maskUnits=\"userSpaceOnUse\" x=\"0\" y=\"0\" width=\"600\" height=\"28\"><path d=\"M0 0h600v28H0V0Z\" fill=\"#fff\"\/><\/mask><g filter=\"url(#c)\" mask=\"url(#b)\"><path d=\"M16.439-18.667h567.123v30.8S438.961-8.4 300-8.4C161.04-8.4 16.438 12.133 16.438 12.133v-30.8Z\" fill=\"#000\"\/><\/g><\/g><defs><clipPath id=\"a\"><path fill=\"#fff\" d=\"M0 0h600v28H0z\"\/><\/clipPath><filter id=\"c\" x=\"5.438\" y=\"-29.667\" width=\"589.123\" height=\"52.8\" filterUnits=\"userSpaceOnUse\" color-interpolation-filters=\"sRGB\"><feFlood flood-opacity=\"0\" result=\"BackgroundImageFix\"\/><feBlend in=\"SourceGraphic\" in2=\"BackgroundImageFix\" result=\"shape\"\/><feGaussianBlur stdDeviation=\"5.5\" result=\"effect1_foregroundBlur_3983_183\"\/><\/filter><\/defs><\/svg><\/div><\/div><\/div><div class=\"fusion-clearfix\"><\/div><\/div><\/div><\/div><\/div><div class=\"fusion-fullwidth fullwidth-box fusion-builder-row-3 nonhundred-percent-fullwidth non-hundred-percent-height-scrolling\" style=\"--awb-background-position:left top;--awb-border-sizes-top:0px;--awb-border-sizes-bottom:0px;--awb-border-sizes-left:0px;--awb-border-sizes-right:0px;--awb-border-radius-top-left:0px;--awb-border-radius-top-right:0px;--awb-border-radius-bottom-right:0px;--awb-border-radius-bottom-left:0px;--awb-padding-top:50px;--awb-padding-right:30px;--awb-padding-left:30px;--awb-background-color:#e0e0e0;--awb-flex-wrap:wrap;\" ><div class=\"fusion-builder-row fusion-row\"><div class=\"fusion-layout-column fusion_builder_column fusion-builder-column-4 fusion_builder_column_1_1 1_1 fusion-one-full fusion-column-first fusion-column-last\" style=\"--awb-bg-size:cover;--awb-margin-bottom:0px;\"><div class=\"fusion-column-wrapper fusion-flex-column-wrapper-legacy\"><div class=\"fusion-title title fusion-title-2 fusion-sep-none fusion-title-center fusion-title-text fusion-title-size-one\" style=\"--awb-margin-top-small:10px;--awb-margin-right-small:0px;--awb-margin-bottom-small:10px;--awb-margin-left-small:0px;\"><h1 class=\"fusion-title-heading title-heading-center fusion-responsive-typography-calculated\" style=\"margin:0;--fontSize:30;line-height:1.5;\"><h1>Management<\/h1><\/h1><\/div><div class=\"fusion-text fusion-text-3\"><p>The management of InsoConsult has extensive industry expertise and transaction experience. The core competences are actively managed restructuring processes and M&amp;A transactions of all kinds.<\/p>\n<\/div><div class=\"fusion-clearfix\"><\/div><\/div><\/div><\/div><\/div><div class=\"fusion-fullwidth fullwidth-box fusion-builder-row-4 nonhundred-percent-fullwidth non-hundred-percent-height-scrolling fusion-equal-height-columns\" style=\"--awb-background-position:left top;--awb-border-sizes-top:0px;--awb-border-sizes-bottom:0px;--awb-border-sizes-left:0px;--awb-border-sizes-right:0px;--awb-border-radius-top-left:0px;--awb-border-radius-top-right:0px;--awb-border-radius-bottom-right:0px;--awb-border-radius-bottom-left:0px;--awb-padding-right:30px;--awb-padding-bottom:50px;--awb-padding-left:30px;--awb-background-color:#e0e0e0;--awb-flex-wrap:wrap;\" ><div class=\"fusion-builder-row fusion-row\"><div class=\"fusion-layout-column fusion_builder_column fusion-builder-column-5 fusion_builder_column_1_6 1_6 fusion-one-sixth fusion-column-first fusion-no-small-visibility\" style=\"--awb-bg-size:cover;width:13.3333%; margin-right: 4%;\"><div class=\"fusion-column-wrapper fusion-column-has-shadow fusion-flex-column-wrapper-legacy\"><div class=\"fusion-clearfix\"><\/div><\/div><\/div><div class=\"fusion-layout-column fusion_builder_column fusion-builder-column-6 fusion_builder_column_1_3 1_3 fusion-one-third\" style=\"--awb-padding-top:20px;--awb-padding-right:20px;--awb-padding-bottom:20px;--awb-padding-left:20px;--awb-bg-color:#e8e8e8;--awb-bg-color-hover:#e8e8e8;--awb-bg-size:cover;width:30.6666%; margin-right: 4%;\"><div class=\"fusion-column-wrapper fusion-flex-column-wrapper-legacy\"><div class=\"fusion-image-element in-legacy-container\" style=\"--awb-caption-title-font-family:var(--h2_typography-font-family);--awb-caption-title-font-weight:var(--h2_typography-font-weight);--awb-caption-title-font-style:var(--h2_typography-font-style);--awb-caption-title-size:var(--h2_typography-font-size);--awb-caption-title-transform:var(--h2_typography-text-transform);--awb-caption-title-line-height:var(--h2_typography-line-height);--awb-caption-title-letter-spacing:var(--h2_typography-letter-spacing);\"><span class=\" fusion-imageframe imageframe-none imageframe-3 hover-type-none\"><img decoding=\"async\" src=\"https:\/\/www.insoconsult.de\/wp-content\/uploads\/2016\/08\/insoconsult_robert-bischof.jpg\" alt class=\"img-responsive\"\/><\/span><\/div><div class=\"fusion-sep-clear\"><\/div><div class=\"fusion-separator fusion-full-width-sep\" style=\"margin-left: auto;margin-right: auto;margin-bottom:20px;width:100%;\"><\/div><div class=\"fusion-sep-clear\"><\/div><div class=\"fusion-text fusion-text-4\"><h2><span style=\"color: #003366;\">Robert Bischof<\/span><\/h2>\n<p>Diploma in business administration (FH)<\/p>\n<\/div><div class=\"fusion-sep-clear\"><\/div><div class=\"fusion-separator fusion-full-width-sep\" style=\"margin-left: auto;margin-right: auto;margin-bottom:20px;width:100%;\"><div class=\"fusion-separator-border sep-single sep-solid\" style=\"--awb-height:20px;--awb-amount:20px;--awb-sep-color:#939393;border-color:#939393;border-top-width:1px;\"><\/div><\/div><div class=\"fusion-sep-clear\"><\/div><ul style=\"--awb-size:16px;--awb-iconcolor:#7baa20;--awb-line-height:27.2px;--awb-icon-width:27.2px;--awb-icon-height:27.2px;--awb-icon-margin:11.2px;--awb-content-margin:38.4px;\" class=\"fusion-checklist fusion-checklist-1 fusion-checklist-default type-icons\"><li class=\"fusion-li-item\" style=\"\"><span class=\"icon-wrapper circle-no\"><i class=\"fusion-li-icon fa-square fas\" aria-hidden=\"true\"><\/i><\/span><div class=\"fusion-li-item-content\">\n<p>Date of birth: 1967<\/p>\n<\/div><\/li><li class=\"fusion-li-item\" style=\"\"><span class=\"icon-wrapper circle-no\"><i class=\"fusion-li-icon fa-square fas\" aria-hidden=\"true\"><\/i><\/span><div class=\"fusion-li-item-content\">\n<p>Managing Partner of IC Transaction Partners since 2010<\/p>\n<\/div><\/li><li class=\"fusion-li-item\" style=\"\"><span class=\"icon-wrapper circle-no\"><i class=\"fusion-li-icon fa-square fas\" aria-hidden=\"true\"><\/i><\/span><div class=\"fusion-li-item-content\">\n<p>5 years experience as project manager at perspektiv GmbH &#8211; an industry leading distressed M&amp;A boutique<\/p>\n<\/div><\/li><li class=\"fusion-li-item\" style=\"\"><span class=\"icon-wrapper circle-no\"><i class=\"fusion-li-icon fa-square fas\" aria-hidden=\"true\"><\/i><\/span><div class=\"fusion-li-item-content\">\n<p>Sales- and project manager at Bosch Telecom for 5 years<\/p>\n<\/div><\/li><li class=\"fusion-li-item\" style=\"\"><span class=\"icon-wrapper circle-no\"><i class=\"fusion-li-icon fa-square fas\" aria-hidden=\"true\"><\/i><\/span><div class=\"fusion-li-item-content\">\n<p>Several years as leading sales manager at international IT-\/Internet companies<\/p>\n<\/div><\/li><\/ul><div class=\"fusion-clearfix\"><\/div><\/div><\/div><div class=\"fusion-layout-column fusion_builder_column fusion-builder-column-7 fusion_builder_column_1_3 1_3 fusion-one-third\" style=\"--awb-padding-top:20px;--awb-padding-right:20px;--awb-padding-bottom:20px;--awb-padding-left:20px;--awb-bg-color:#e8e8e8;--awb-bg-color-hover:#e8e8e8;--awb-bg-size:cover;width:30.6666%; margin-right: 4%;\"><div class=\"fusion-column-wrapper fusion-flex-column-wrapper-legacy\"><div class=\"fusion-image-element in-legacy-container\" style=\"--awb-caption-title-font-family:var(--h2_typography-font-family);--awb-caption-title-font-weight:var(--h2_typography-font-weight);--awb-caption-title-font-style:var(--h2_typography-font-style);--awb-caption-title-size:var(--h2_typography-font-size);--awb-caption-title-transform:var(--h2_typography-text-transform);--awb-caption-title-line-height:var(--h2_typography-line-height);--awb-caption-title-letter-spacing:var(--h2_typography-letter-spacing);\"><span class=\" fusion-imageframe imageframe-none imageframe-4 hover-type-none\"><img decoding=\"async\" src=\"https:\/\/www.insoconsult.de\/wp-content\/uploads\/2016\/08\/insoconsult_robert-lohbronner.jpg\" alt class=\"img-responsive\"\/><\/span><\/div><div class=\"fusion-sep-clear\"><\/div><div class=\"fusion-separator fusion-full-width-sep\" style=\"margin-left: auto;margin-right: auto;margin-bottom:20px;width:100%;\"><\/div><div class=\"fusion-sep-clear\"><\/div><div class=\"fusion-text fusion-text-5\"><h2><span style=\"color: #003366;\">Robert\u00a0Lohbronner<\/span><\/h2>\n<p>Diploma in business administration (FH)<\/p>\n<\/div><div class=\"fusion-sep-clear\"><\/div><div class=\"fusion-separator fusion-full-width-sep\" style=\"margin-left: auto;margin-right: auto;margin-bottom:20px;width:100%;\"><div class=\"fusion-separator-border sep-single sep-solid\" style=\"--awb-height:20px;--awb-amount:20px;--awb-sep-color:#939393;border-color:#939393;border-top-width:1px;\"><\/div><\/div><div class=\"fusion-sep-clear\"><\/div><ul style=\"--awb-size:16px;--awb-iconcolor:#7baa20;--awb-line-height:27.2px;--awb-icon-width:27.2px;--awb-icon-height:27.2px;--awb-icon-margin:11.2px;--awb-content-margin:38.4px;\" class=\"fusion-checklist fusion-checklist-2 fusion-checklist-default type-icons\"><li class=\"fusion-li-item\" style=\"\"><span class=\"icon-wrapper circle-no\"><i class=\"fusion-li-icon fa-square fas\" aria-hidden=\"true\"><\/i><\/span><div class=\"fusion-li-item-content\">\n<p>Date of birth: 1965<\/p>\n<\/div><\/li><li class=\"fusion-li-item\" style=\"\"><span class=\"icon-wrapper circle-no\"><i class=\"fusion-li-icon fa-square fas\" aria-hidden=\"true\"><\/i><\/span><div class=\"fusion-li-item-content\">\n<p>Managing Partner of IC Transaction Partners since 2010<\/p>\n<\/div><\/li><li class=\"fusion-li-item\" style=\"\"><span class=\"icon-wrapper circle-no\"><i class=\"fusion-li-icon fa-square fas\" aria-hidden=\"true\"><\/i><\/span><div class=\"fusion-li-item-content\">\n<p>10 years at perspektiv GmbH, thereof 5 years as division manager \u2013 i.a. complex international transactions in China, USA, Albania<\/p>\n<\/div><\/li><li class=\"fusion-li-item\" style=\"\"><span class=\"icon-wrapper circle-no\"><i class=\"fusion-li-icon fa-square fas\" aria-hidden=\"true\"><\/i><\/span><div class=\"fusion-li-item-content\">\n<p>3 years various consultancy projects in the USA<\/p>\n<\/div><\/li><li class=\"fusion-li-item\" style=\"\"><span class=\"icon-wrapper circle-no\"><i class=\"fusion-li-icon fa-square fas\" aria-hidden=\"true\"><\/i><\/span><div class=\"fusion-li-item-content\">\n<p>Several years of experience as consultant at an international strategy and restructuring consultancy<\/p>\n<\/div><\/li><\/ul><div class=\"fusion-clearfix\"><\/div><\/div><\/div><div class=\"fusion-layout-column fusion_builder_column fusion-builder-column-8 fusion_builder_column_1_6 1_6 fusion-one-sixth fusion-column-last fusion-no-small-visibility\" style=\"--awb-bg-size:cover;width:13.3333%;\"><div class=\"fusion-column-wrapper fusion-column-has-shadow fusion-flex-column-wrapper-legacy\"><div class=\"fusion-clearfix\"><\/div><\/div><\/div><\/div><\/div><\/p>\n","protected":false},"excerpt":{"rendered":"","protected":false},"author":2,"featured_media":0,"parent":0,"menu_order":0,"comment_status":"closed","ping_status":"closed","template":"100-width.php","meta":{"footnotes":""},"class_list":["post-1629","page","type-page","status-publish","hentry"],"yoast_head":"<!-- This site is optimized with the Yoast SEO plugin v27.4 - https:\/\/yoast.com\/product\/yoast-seo-wordpress\/ -->\n<title>IC Transaction Partners in M\u00fcnchen | \u00dcber das Unternehmen<\/title>\n<meta name=\"description\" content=\"Zentrale Kompetenz bei Unternehmenstransaktionen ist die z\u00fcgige Gestaltung und Implementierung von strukturierten Investorenprozessen.\" \/>\n<meta name=\"robots\" content=\"index, follow, max-snippet:-1, max-image-preview:large, max-video-preview:-1\" \/>\n<link rel=\"canonical\" href=\"https:\/\/www.ic-tp.com\/en\/company\/\" \/>\n<meta property=\"og:locale\" content=\"en_US\" \/>\n<meta property=\"og:type\" content=\"article\" \/>\n<meta property=\"og:title\" content=\"IC Transaction Partners in M\u00fcnchen | \u00dcber das Unternehmen\" \/>\n<meta property=\"og:description\" content=\"Zentrale Kompetenz bei Unternehmenstransaktionen ist die z\u00fcgige Gestaltung und Implementierung von strukturierten Investorenprozessen.\" \/>\n<meta property=\"og:url\" content=\"https:\/\/www.ic-tp.com\/en\/company\/\" \/>\n<meta property=\"og:site_name\" content=\"IC Transaction Partners\" \/>\n<meta property=\"article:modified_time\" content=\"2021-07-06T14:12:21+00:00\" \/>\n<meta property=\"og:image\" content=\"https:\/\/www.insoconsult.de\/wp-content\/uploads\/2017\/02\/insoconsult_team.jpg\" \/>\n<meta name=\"twitter:card\" content=\"summary_large_image\" \/>\n<meta name=\"twitter:label1\" content=\"Est. reading time\" \/>\n\t<meta name=\"twitter:data1\" content=\"14 minutes\" \/>\n<script type=\"application\/ld+json\" class=\"yoast-schema-graph\">{\"@context\":\"https:\\\/\\\/schema.org\",\"@graph\":[{\"@type\":\"WebPage\",\"@id\":\"https:\\\/\\\/www.ic-tp.com\\\/en\\\/company\\\/\",\"url\":\"https:\\\/\\\/www.ic-tp.com\\\/en\\\/company\\\/\",\"name\":\"IC Transaction Partners in M\u00fcnchen | \u00dcber das Unternehmen\",\"isPartOf\":{\"@id\":\"https:\\\/\\\/www.ic-tp.com\\\/#website\"},\"primaryImageOfPage\":{\"@id\":\"https:\\\/\\\/www.ic-tp.com\\\/en\\\/company\\\/#primaryimage\"},\"image\":{\"@id\":\"https:\\\/\\\/www.ic-tp.com\\\/en\\\/company\\\/#primaryimage\"},\"thumbnailUrl\":\"https:\\\/\\\/www.insoconsult.de\\\/wp-content\\\/uploads\\\/2017\\\/02\\\/insoconsult_team.jpg\",\"datePublished\":\"2016-08-09T13:38:11+00:00\",\"dateModified\":\"2021-07-06T14:12:21+00:00\",\"description\":\"Zentrale Kompetenz bei Unternehmenstransaktionen ist die z\u00fcgige Gestaltung und Implementierung von strukturierten Investorenprozessen.\",\"breadcrumb\":{\"@id\":\"https:\\\/\\\/www.ic-tp.com\\\/en\\\/company\\\/#breadcrumb\"},\"inLanguage\":\"en-US\",\"potentialAction\":[{\"@type\":\"ReadAction\",\"target\":[\"https:\\\/\\\/www.ic-tp.com\\\/en\\\/company\\\/\"]}]},{\"@type\":\"ImageObject\",\"inLanguage\":\"en-US\",\"@id\":\"https:\\\/\\\/www.ic-tp.com\\\/en\\\/company\\\/#primaryimage\",\"url\":\"https:\\\/\\\/www.insoconsult.de\\\/wp-content\\\/uploads\\\/2017\\\/02\\\/insoconsult_team.jpg\",\"contentUrl\":\"https:\\\/\\\/www.insoconsult.de\\\/wp-content\\\/uploads\\\/2017\\\/02\\\/insoconsult_team.jpg\"},{\"@type\":\"BreadcrumbList\",\"@id\":\"https:\\\/\\\/www.ic-tp.com\\\/en\\\/company\\\/#breadcrumb\",\"itemListElement\":[{\"@type\":\"ListItem\",\"position\":1,\"name\":\"Startseite\",\"item\":\"https:\\\/\\\/www.ic-tp.com\\\/en\\\/\"},{\"@type\":\"ListItem\",\"position\":2,\"name\":\"Company\"}]},{\"@type\":\"WebSite\",\"@id\":\"https:\\\/\\\/www.ic-tp.com\\\/#website\",\"url\":\"https:\\\/\\\/www.ic-tp.com\\\/\",\"name\":\"IC Transaction Partners\",\"description\":\"Die Experten f\u00fcr M&amp;A\",\"potentialAction\":[{\"@type\":\"SearchAction\",\"target\":{\"@type\":\"EntryPoint\",\"urlTemplate\":\"https:\\\/\\\/www.ic-tp.com\\\/?s={search_term_string}\"},\"query-input\":{\"@type\":\"PropertyValueSpecification\",\"valueRequired\":true,\"valueName\":\"search_term_string\"}}],\"inLanguage\":\"en-US\"}]}<\/script>\n<!-- \/ Yoast SEO plugin. -->","yoast_head_json":{"title":"IC Transaction Partners in M\u00fcnchen | \u00dcber das Unternehmen","description":"Zentrale Kompetenz bei Unternehmenstransaktionen ist die z\u00fcgige Gestaltung und Implementierung von strukturierten Investorenprozessen.","robots":{"index":"index","follow":"follow","max-snippet":"max-snippet:-1","max-image-preview":"max-image-preview:large","max-video-preview":"max-video-preview:-1"},"canonical":"https:\/\/www.ic-tp.com\/en\/company\/","og_locale":"en_US","og_type":"article","og_title":"IC Transaction Partners in M\u00fcnchen | \u00dcber das Unternehmen","og_description":"Zentrale Kompetenz bei Unternehmenstransaktionen ist die z\u00fcgige Gestaltung und Implementierung von strukturierten Investorenprozessen.","og_url":"https:\/\/www.ic-tp.com\/en\/company\/","og_site_name":"IC Transaction Partners","article_modified_time":"2021-07-06T14:12:21+00:00","og_image":[{"url":"https:\/\/www.insoconsult.de\/wp-content\/uploads\/2017\/02\/insoconsult_team.jpg","type":"","width":"","height":""}],"twitter_card":"summary_large_image","twitter_misc":{"Est. reading time":"14 minutes"},"schema":{"@context":"https:\/\/schema.org","@graph":[{"@type":"WebPage","@id":"https:\/\/www.ic-tp.com\/en\/company\/","url":"https:\/\/www.ic-tp.com\/en\/company\/","name":"IC Transaction Partners in M\u00fcnchen | \u00dcber das Unternehmen","isPartOf":{"@id":"https:\/\/www.ic-tp.com\/#website"},"primaryImageOfPage":{"@id":"https:\/\/www.ic-tp.com\/en\/company\/#primaryimage"},"image":{"@id":"https:\/\/www.ic-tp.com\/en\/company\/#primaryimage"},"thumbnailUrl":"https:\/\/www.insoconsult.de\/wp-content\/uploads\/2017\/02\/insoconsult_team.jpg","datePublished":"2016-08-09T13:38:11+00:00","dateModified":"2021-07-06T14:12:21+00:00","description":"Zentrale Kompetenz bei Unternehmenstransaktionen ist die z\u00fcgige Gestaltung und Implementierung von strukturierten Investorenprozessen.","breadcrumb":{"@id":"https:\/\/www.ic-tp.com\/en\/company\/#breadcrumb"},"inLanguage":"en-US","potentialAction":[{"@type":"ReadAction","target":["https:\/\/www.ic-tp.com\/en\/company\/"]}]},{"@type":"ImageObject","inLanguage":"en-US","@id":"https:\/\/www.ic-tp.com\/en\/company\/#primaryimage","url":"https:\/\/www.insoconsult.de\/wp-content\/uploads\/2017\/02\/insoconsult_team.jpg","contentUrl":"https:\/\/www.insoconsult.de\/wp-content\/uploads\/2017\/02\/insoconsult_team.jpg"},{"@type":"BreadcrumbList","@id":"https:\/\/www.ic-tp.com\/en\/company\/#breadcrumb","itemListElement":[{"@type":"ListItem","position":1,"name":"Startseite","item":"https:\/\/www.ic-tp.com\/en\/"},{"@type":"ListItem","position":2,"name":"Company"}]},{"@type":"WebSite","@id":"https:\/\/www.ic-tp.com\/#website","url":"https:\/\/www.ic-tp.com\/","name":"IC Transaction Partners","description":"Die Experten f\u00fcr M&amp;A","potentialAction":[{"@type":"SearchAction","target":{"@type":"EntryPoint","urlTemplate":"https:\/\/www.ic-tp.com\/?s={search_term_string}"},"query-input":{"@type":"PropertyValueSpecification","valueRequired":true,"valueName":"search_term_string"}}],"inLanguage":"en-US"}]}},"_links":{"self":[{"href":"https:\/\/www.ic-tp.com\/en\/wp-json\/wp\/v2\/pages\/1629","targetHints":{"allow":["GET"]}}],"collection":[{"href":"https:\/\/www.ic-tp.com\/en\/wp-json\/wp\/v2\/pages"}],"about":[{"href":"https:\/\/www.ic-tp.com\/en\/wp-json\/wp\/v2\/types\/page"}],"author":[{"embeddable":true,"href":"https:\/\/www.ic-tp.com\/en\/wp-json\/wp\/v2\/users\/2"}],"replies":[{"embeddable":true,"href":"https:\/\/www.ic-tp.com\/en\/wp-json\/wp\/v2\/comments?post=1629"}],"version-history":[{"count":23,"href":"https:\/\/www.ic-tp.com\/en\/wp-json\/wp\/v2\/pages\/1629\/revisions"}],"predecessor-version":[{"id":1896,"href":"https:\/\/www.ic-tp.com\/en\/wp-json\/wp\/v2\/pages\/1629\/revisions\/1896"}],"wp:attachment":[{"href":"https:\/\/www.ic-tp.com\/en\/wp-json\/wp\/v2\/media?parent=1629"}],"curies":[{"name":"wp","href":"https:\/\/api.w.org\/{rel}","templated":true}]}}