{"id":1633,"date":"2016-12-13T17:14:53","date_gmt":"2016-12-13T16:14:53","guid":{"rendered":"https:\/\/www.ic-tp.com\/impressum\/"},"modified":"2021-06-08T11:52:50","modified_gmt":"2021-06-08T09:52:50","slug":"imprint","status":"publish","type":"page","link":"https:\/\/www.ic-tp.com\/en\/imprint\/","title":{"rendered":"Imprint"},"content":{"rendered":"<div class=\"fusion-fullwidth fullwidth-box fusion-builder-row-1 nonhundred-percent-fullwidth non-hundred-percent-height-scrolling\" style=\"--awb-background-position:left top;--awb-border-sizes-top:0px;--awb-border-sizes-bottom:0px;--awb-border-sizes-left:0px;--awb-border-sizes-right:0px;--awb-border-radius-top-left:0px;--awb-border-radius-top-right:0px;--awb-border-radius-bottom-right:0px;--awb-border-radius-bottom-left:0px;--awb-padding-top:150px;--awb-padding-bottom:250px;--awb-flex-wrap:wrap;\" ><div class=\"fusion-builder-row fusion-row\"><div class=\"fusion-layout-column fusion_builder_column fusion-builder-column-0 fusion_builder_column_1_1 1_1 fusion-one-full fusion-column-first fusion-column-last\" style=\"--awb-bg-size:cover;\"><div class=\"fusion-column-wrapper fusion-flex-column-wrapper-legacy\"><div class=\"fusion-text fusion-text-1\"><p><strong>IC Transaction Partners <\/strong><\/p>\n<p>Orleansstr. 34<br \/>Germany &#8211; 81667 Munich<br \/>\nTel.: +49 (0) 89 &#8211; 21 588 624-0<br \/>\nFax: +49 (0) 89 &#8211; 21 588 624-10<br \/>\nemail: info[at]ic-tp.com<br \/>\nwww.ic-tp.com<\/p>\n<p>IC Transaction Partners is a division of<\/p>\n<p>InsoConsult GmbH<br \/>\nManaging directors with sole power of representation:<br \/>\nRobert Bischof, Robert Lohbronner<\/p>\n<p>Commercial register number HRB 186250 district court Munich<br \/>\nVAT No.: DE272082424<\/p>\n<p>Concept, design and programming: FLAME GmbH, Munich | <a href=\"http:\/\/www.hello-flame.com\">www.hello-flame.com<\/a><\/p>\n<\/div><div class=\"fusion-clearfix\"><\/div><\/div><\/div><\/div><\/div>\n","protected":false},"excerpt":{"rendered":"","protected":false},"author":2,"featured_media":0,"parent":0,"menu_order":0,"comment_status":"closed","ping_status":"closed","template":"100-width.php","meta":{"footnotes":""},"class_list":["post-1633","page","type-page","status-publish","hentry"],"yoast_head":"<!-- This site is optimized with the Yoast SEO plugin v27.4 - https:\/\/yoast.com\/product\/yoast-seo-wordpress\/ -->\n<title>IC Transaction Partners in M\u00fcnchen | Impressum<\/title>\n<meta name=\"description\" content=\"InsoConsult GmbH mit Sitz in M\u00fcnchen ist ein unabh\u00e4ngiges Beratungsunternehmen mit Leistungsschwerpunkt in der Realisierung von Unternehmenstransaktionen.\" \/>\n<meta name=\"robots\" content=\"index, follow, max-snippet:-1, max-image-preview:large, max-video-preview:-1\" \/>\n<link rel=\"canonical\" href=\"https:\/\/www.ic-tp.com\/en\/imprint\/\" \/>\n<meta property=\"og:locale\" content=\"en_US\" \/>\n<meta property=\"og:type\" content=\"article\" \/>\n<meta property=\"og:title\" content=\"IC Transaction Partners in M\u00fcnchen | Impressum\" \/>\n<meta property=\"og:description\" content=\"InsoConsult GmbH mit Sitz in M\u00fcnchen ist ein unabh\u00e4ngiges Beratungsunternehmen mit Leistungsschwerpunkt in der Realisierung von Unternehmenstransaktionen.\" \/>\n<meta property=\"og:url\" content=\"https:\/\/www.ic-tp.com\/en\/imprint\/\" \/>\n<meta property=\"og:site_name\" content=\"IC Transaction Partners\" \/>\n<meta property=\"article:modified_time\" content=\"2021-06-08T09:52:50+00:00\" \/>\n<meta name=\"twitter:card\" content=\"summary_large_image\" \/>\n<meta name=\"twitter:label1\" content=\"Est. reading time\" \/>\n\t<meta name=\"twitter:data1\" content=\"1 minute\" \/>\n<script type=\"application\/ld+json\" class=\"yoast-schema-graph\">{\"@context\":\"https:\\\/\\\/schema.org\",\"@graph\":[{\"@type\":\"WebPage\",\"@id\":\"https:\\\/\\\/www.ic-tp.com\\\/en\\\/imprint\\\/\",\"url\":\"https:\\\/\\\/www.ic-tp.com\\\/en\\\/imprint\\\/\",\"name\":\"IC Transaction Partners in M\u00fcnchen | Impressum\",\"isPartOf\":{\"@id\":\"https:\\\/\\\/www.ic-tp.com\\\/#website\"},\"datePublished\":\"2016-12-13T16:14:53+00:00\",\"dateModified\":\"2021-06-08T09:52:50+00:00\",\"description\":\"InsoConsult GmbH mit Sitz in M\u00fcnchen ist ein unabh\u00e4ngiges Beratungsunternehmen mit Leistungsschwerpunkt in der Realisierung von Unternehmenstransaktionen.\",\"breadcrumb\":{\"@id\":\"https:\\\/\\\/www.ic-tp.com\\\/en\\\/imprint\\\/#breadcrumb\"},\"inLanguage\":\"en-US\",\"potentialAction\":[{\"@type\":\"ReadAction\",\"target\":[\"https:\\\/\\\/www.ic-tp.com\\\/en\\\/imprint\\\/\"]}]},{\"@type\":\"BreadcrumbList\",\"@id\":\"https:\\\/\\\/www.ic-tp.com\\\/en\\\/imprint\\\/#breadcrumb\",\"itemListElement\":[{\"@type\":\"ListItem\",\"position\":1,\"name\":\"Startseite\",\"item\":\"https:\\\/\\\/www.ic-tp.com\\\/en\\\/\"},{\"@type\":\"ListItem\",\"position\":2,\"name\":\"Imprint\"}]},{\"@type\":\"WebSite\",\"@id\":\"https:\\\/\\\/www.ic-tp.com\\\/#website\",\"url\":\"https:\\\/\\\/www.ic-tp.com\\\/\",\"name\":\"IC Transaction Partners\",\"description\":\"Die Experten f\u00fcr M&amp;A\",\"potentialAction\":[{\"@type\":\"SearchAction\",\"target\":{\"@type\":\"EntryPoint\",\"urlTemplate\":\"https:\\\/\\\/www.ic-tp.com\\\/?s={search_term_string}\"},\"query-input\":{\"@type\":\"PropertyValueSpecification\",\"valueRequired\":true,\"valueName\":\"search_term_string\"}}],\"inLanguage\":\"en-US\"}]}<\/script>\n<!-- \/ Yoast SEO plugin. -->","yoast_head_json":{"title":"IC Transaction Partners in M\u00fcnchen | Impressum","description":"InsoConsult GmbH mit Sitz in M\u00fcnchen ist ein unabh\u00e4ngiges Beratungsunternehmen mit Leistungsschwerpunkt in der Realisierung von Unternehmenstransaktionen.","robots":{"index":"index","follow":"follow","max-snippet":"max-snippet:-1","max-image-preview":"max-image-preview:large","max-video-preview":"max-video-preview:-1"},"canonical":"https:\/\/www.ic-tp.com\/en\/imprint\/","og_locale":"en_US","og_type":"article","og_title":"IC Transaction Partners in M\u00fcnchen | Impressum","og_description":"InsoConsult GmbH mit Sitz in M\u00fcnchen ist ein unabh\u00e4ngiges Beratungsunternehmen mit Leistungsschwerpunkt in der Realisierung von Unternehmenstransaktionen.","og_url":"https:\/\/www.ic-tp.com\/en\/imprint\/","og_site_name":"IC Transaction Partners","article_modified_time":"2021-06-08T09:52:50+00:00","twitter_card":"summary_large_image","twitter_misc":{"Est. reading time":"1 minute"},"schema":{"@context":"https:\/\/schema.org","@graph":[{"@type":"WebPage","@id":"https:\/\/www.ic-tp.com\/en\/imprint\/","url":"https:\/\/www.ic-tp.com\/en\/imprint\/","name":"IC Transaction Partners in M\u00fcnchen | Impressum","isPartOf":{"@id":"https:\/\/www.ic-tp.com\/#website"},"datePublished":"2016-12-13T16:14:53+00:00","dateModified":"2021-06-08T09:52:50+00:00","description":"InsoConsult GmbH mit Sitz in M\u00fcnchen ist ein unabh\u00e4ngiges Beratungsunternehmen mit Leistungsschwerpunkt in der Realisierung von Unternehmenstransaktionen.","breadcrumb":{"@id":"https:\/\/www.ic-tp.com\/en\/imprint\/#breadcrumb"},"inLanguage":"en-US","potentialAction":[{"@type":"ReadAction","target":["https:\/\/www.ic-tp.com\/en\/imprint\/"]}]},{"@type":"BreadcrumbList","@id":"https:\/\/www.ic-tp.com\/en\/imprint\/#breadcrumb","itemListElement":[{"@type":"ListItem","position":1,"name":"Startseite","item":"https:\/\/www.ic-tp.com\/en\/"},{"@type":"ListItem","position":2,"name":"Imprint"}]},{"@type":"WebSite","@id":"https:\/\/www.ic-tp.com\/#website","url":"https:\/\/www.ic-tp.com\/","name":"IC Transaction Partners","description":"Die Experten f\u00fcr M&amp;A","potentialAction":[{"@type":"SearchAction","target":{"@type":"EntryPoint","urlTemplate":"https:\/\/www.ic-tp.com\/?s={search_term_string}"},"query-input":{"@type":"PropertyValueSpecification","valueRequired":true,"valueName":"search_term_string"}}],"inLanguage":"en-US"}]}},"_links":{"self":[{"href":"https:\/\/www.ic-tp.com\/en\/wp-json\/wp\/v2\/pages\/1633","targetHints":{"allow":["GET"]}}],"collection":[{"href":"https:\/\/www.ic-tp.com\/en\/wp-json\/wp\/v2\/pages"}],"about":[{"href":"https:\/\/www.ic-tp.com\/en\/wp-json\/wp\/v2\/types\/page"}],"author":[{"embeddable":true,"href":"https:\/\/www.ic-tp.com\/en\/wp-json\/wp\/v2\/users\/2"}],"replies":[{"embeddable":true,"href":"https:\/\/www.ic-tp.com\/en\/wp-json\/wp\/v2\/comments?post=1633"}],"version-history":[{"count":6,"href":"https:\/\/www.ic-tp.com\/en\/wp-json\/wp\/v2\/pages\/1633\/revisions"}],"predecessor-version":[{"id":1825,"href":"https:\/\/www.ic-tp.com\/en\/wp-json\/wp\/v2\/pages\/1633\/revisions\/1825"}],"wp:attachment":[{"href":"https:\/\/www.ic-tp.com\/en\/wp-json\/wp\/v2\/media?parent=1633"}],"curies":[{"name":"wp","href":"https:\/\/api.w.org\/{rel}","templated":true}]}}